{"id":783,"date":"2023-05-11T13:27:13","date_gmt":"2023-05-11T13:27:13","guid":{"rendered":"https:\/\/parcoursdesdames.fr\/?page_id=783"},"modified":"2023-06-05T14:02:43","modified_gmt":"2023-06-05T14:02:43","slug":"services","status":"publish","type":"page","link":"https:\/\/parcoursdesdames.fr\/index.php\/services\/","title":{"rendered":"Services"},"content":{"rendered":"\n<h2 class=\"wp-block-heading\">Argy<\/h2>\n\n\n\n<p>Restaurant de la gare: 02.54.84.07.98, <a href=\"mailto:c.pinon@apajh.asso.fr\">c.pinon@apajh.asso.fr<\/a> (si ferm\u00e9\u00a0: 02.18.01.05.81)<\/p>\n\n\n\n<p>Pizza Simon\u00a0: 02.54.84.04.33 (ouverture 17h30), <a rel=\"noreferrer noopener\" href=\"https:\/\/www.lanouvellerepublique.fr\/indre\/indre-un-berrichon-elu-meilleur-francais-aux-championnats-d-europe-de-pizza#:~:text=Simon%20Couret%20est%20arriv%C3%A9%2C%20le,Europe%20de%20pizza%20%C3%A0%20Londres.&amp;text=%C3%80%20l'image%20de%20son,pieds%20et%20surtout%20par%20passion.\" target=\"_blank\">Berrichon \u00e9lu meilleur Fran\u00e7ais aux championnats d&rsquo;Europe de pizza (Nouvelle R\u00e9publique, 01\/07\/2022)<\/a><\/p>\n\n\n\n<p>G\u00eete de Cornepic : fr.rouet@orange.fr<\/p>\n\n\n\n<p>G\u00eete Berry Springs (Beaugerais)\u00a0: dorotheeaparis@hotmail.fr<\/p>\n\n\n\n<p>G\u00eete du Ch\u00e2teau d\u2019Argy\u00a0: thomas@argy.fr<\/p>\n\n\n\n<h2 class=\"wp-block-heading\">Buzan\u00e7ais<\/h2>\n\n\n\n<p>Ch\u00e2teau du Boisrenault : boisrenault@wanadoo.fr<\/p>\n\n\n\n<p>Chez Phinou\u00a0: 02.18.01.62.10<\/p>\n\n\n\n<p>Brasserie Fouchereau C.\u00a0: 02.54.84.17.90, cecile.cailleton@wanadoo.fr<\/p>\n\n\n\n<p>Camping de la T\u00eate noire&nbsp;: campinglatetenoire@gmail.com<\/p>\n\n\n\n<p>G\u00eete de Chaillauroy\u00a0: dorotheeaparis@hotmail.fr<\/p>\n\n\n\n<p>Le Croissant&nbsp;: au_croissant@live.fr<\/p>\n\n\n\n<p>L\u2019Hermitage&nbsp;: logis-hermitage@wanadoo.fr<\/p>\n\n\n\n<p>Le Relais 143\u00a0: 02.54.84.05.16 ou 06.08.75.23.06<\/p>\n\n\n\n<p>Les Hervaux\u00a0: 02.54.02.15.18 (SMS\u00a0: 06.40.53.50.51)<\/p>\n\n\n\n<p>P\u00e9r\u00e9grinations\u00a0: 02.18.01.06.39, gatefinfranck@gmail.com<\/p>\n\n\n\n<p>Pizza Chez Fredo\u00a0: 02.54.37.96.82<\/p>\n\n\n\n<p>Royal Wok\u00a0: 02.54.37.53.05<\/p>\n\n\n\n<p>Gite \u00ab\u00a0Chez Madeleine\u00a0\u00bb\u00a0: philippe.gion0339@orange.fr<\/p>\n\n\n\n<h2 class=\"wp-block-heading\">Chezelles<\/h2>\n\n\n\n<p>Chez nous comme chez vous\u00a0: 02.54.07.36.21, cheznouscommechezvous@orange.fr<\/p>\n\n\n\n<p>G\u00eete Michelle et Georges Bablin&nbsp;: <a href=\"mailto:michelle.bablin@orange.fr\">michelle.bablin@orange.fr<\/a><\/p>\n\n\n\n<p>G\u00eete Epini\u00e8re&nbsp;: portal-pierrette@orange.fr<\/p>\n\n\n\n<p>G\u00eete Lavender Cottage Pierre\u00a0: 02.54.26.13.35<\/p>\n\n\n\n<h2 class=\"wp-block-heading\">Pellevoisin<\/h2>\n\n\n\n<p>Chez Babette\u00a0: 02.54.39.03.78<\/p>\n\n\n\n<p>G\u00eete de Relais&nbsp;: <a href=\"mailto:doublierdenis@gmail.com\">doublierdenis@gmail.com<\/a><\/p>\n\n\n\n<p>Les G\u00eetes du Clos Sainte Anne\u00a0: 06.19.22.41.18, gitesduclossainteanne@gmail.com<\/p>\n\n\n\n<h2 class=\"wp-block-heading\"><strong>Saint-Lactencin<\/strong><\/h2>\n\n\n\n<p>G\u00eete de Tilloux\u00a0: obouhfeguesylvie@yahoo.fr<\/p>\n\n\n\n<p>O\u2019Saint Lac&nbsp;: restaurant au 1<sup>er<\/sup> novembre 2022<\/p>\n\n\n\n<h2 class=\"wp-block-heading\">Souge<\/h2>\n\n\n\n<p>G\u00eete Claude Nivet\u00a0: claude.nivet@laposte.net<\/p>\n\n\n\n<p>G\u00eete de la Basse-Roche \u00e0 Champill\u00e9 Pierre\u00a0: 06.95.33.59.33<\/p>\n","protected":false},"excerpt":{"rendered":"<p>Argy Restaurant de la gare: 02.54.84.07.98, c.pinon@apajh.asso.fr (si ferm\u00e9\u00a0: 02.18.01.05.81) Pizza Simon\u00a0: 02.54.84.04.33 (ouverture 17h30), Berrichon \u00e9lu meilleur Fran\u00e7ais aux championnats d&rsquo;Europe de pizza (Nouvelle R\u00e9publique, 01\/07\/2022) G\u00eete de Cornepic : fr.rouet@orange.fr G\u00eete Berry Springs (Beaugerais)\u00a0: dorotheeaparis@hotmail.fr G\u00eete du Ch\u00e2teau d\u2019Argy\u00a0: thomas@argy.fr Buzan\u00e7ais Ch\u00e2teau du Boisrenault : boisrenault@wanadoo.fr Chez Phinou\u00a0: 02.18.01.62.10 Brasserie Fouchereau C.\u00a0: 02.54.84.17.90, &hellip;<\/p>\n<p class=\"read-more\"> <a class=\"\" href=\"https:\/\/parcoursdesdames.fr\/index.php\/services\/\"> <span class=\"screen-reader-text\">Services<\/span> Lire la suite\u00a0\u00bb<\/a><\/p>\n","protected":false},"author":1,"featured_media":0,"parent":0,"menu_order":0,"comment_status":"closed","ping_status":"closed","template":"","meta":{"site-sidebar-layout":"default","site-content-layout":"default","ast-global-header-display":"","ast-banner-title-visibility":"","ast-main-header-display":"","ast-hfb-above-header-display":"","ast-hfb-below-header-display":"","ast-hfb-mobile-header-display":"","site-post-title":"","ast-breadcrumbs-content":"","ast-featured-img":"","footer-sml-layout":"","theme-transparent-header-meta":"","adv-header-id-meta":"","stick-header-meta":"","header-above-stick-meta":"","header-main-stick-meta":"","header-below-stick-meta":"","footnotes":""},"class_list":["post-783","page","type-page","status-publish","hentry"],"_links":{"self":[{"href":"https:\/\/parcoursdesdames.fr\/index.php\/wp-json\/wp\/v2\/pages\/783","targetHints":{"allow":["GET"]}}],"collection":[{"href":"https:\/\/parcoursdesdames.fr\/index.php\/wp-json\/wp\/v2\/pages"}],"about":[{"href":"https:\/\/parcoursdesdames.fr\/index.php\/wp-json\/wp\/v2\/types\/page"}],"author":[{"embeddable":true,"href":"https:\/\/parcoursdesdames.fr\/index.php\/wp-json\/wp\/v2\/users\/1"}],"replies":[{"embeddable":true,"href":"https:\/\/parcoursdesdames.fr\/index.php\/wp-json\/wp\/v2\/comments?post=783"}],"version-history":[{"count":3,"href":"https:\/\/parcoursdesdames.fr\/index.php\/wp-json\/wp\/v2\/pages\/783\/revisions"}],"predecessor-version":[{"id":979,"href":"https:\/\/parcoursdesdames.fr\/index.php\/wp-json\/wp\/v2\/pages\/783\/revisions\/979"}],"wp:attachment":[{"href":"https:\/\/parcoursdesdames.fr\/index.php\/wp-json\/wp\/v2\/media?parent=783"}],"curies":[{"name":"wp","href":"https:\/\/api.w.org\/{rel}","templated":true}]}}