{"id":76,"date":"2023-01-18T16:44:37","date_gmt":"2023-01-18T15:44:37","guid":{"rendered":"https:\/\/parcoursdesdames.wordpress.com\/?page_id=76"},"modified":"2023-06-19T11:40:26","modified_gmt":"2023-06-19T11:40:26","slug":"a-propos","status":"publish","type":"page","link":"https:\/\/parcoursdesdames.fr\/index.php\/a-propos\/","title":{"rendered":"\u00c0 Propos"},"content":{"rendered":"\n<p>L\u2019id\u00e9e du parcours des Dames est n\u00e9e au sein du Conseil de d\u00e9veloppement du Pays castelroussin en 2019, quand cette instance consultative de d\u00e9mocratie participative \u00e9tait pr\u00e9sid\u00e9e par Isabelle Hannequart, fondatrice du mus\u00e9e Sarah Caryth \u00e0 Saint-Lactencin. Le parcours vise \u00e0 rendre coh\u00e9rente et plus visible l\u2019offre touristique \u00e0 l\u2019\u00e9chelle du Pays en reliant les balades d\u00e9j\u00e0 existantes et en mettant en valeur, comme m\u00e9diatrices, les Dames c\u00e9l\u00e8bres mais aujourd\u2019hui m\u00e9connues qui ont contribu\u00e9 \u00e0 l\u2019identit\u00e9 du territoire. Le projet de parcours est, depuis 2022, port\u00e9 par l\u2019association Parcours des Dames. Une partie exp\u00e9rimentale associe les six communes de Buzan\u00e7ais, Saint-Lactencin, Ch\u00e9zelles (hameau de Fouillereau), Soug\u00e9, Pellevoisin et Argy par une boucle de 48 kilom\u00e8tres de sentiers publics accessibles \u00e0 pied, \u00e0 v\u00e9lo ou \u00e0 cheval. La balade culturelle fait d\u00e9couvrir les \u00e9l\u00e9ments du matrimoine local (notamment les maisons des Dames) ainsi que les p\u00e9pites culturelles et naturelles visibles du parcours, tout en immergeant les marcheurs et marcheuses dans l\u2019histoire et la m\u00e9moire de ces Dames.<\/p>\n","protected":false},"excerpt":{"rendered":"<p>L\u2019id\u00e9e du parcours des Dames est n\u00e9e au sein du Conseil de d\u00e9veloppement du Pays castelroussin en 2019, quand cette instance consultative de d\u00e9mocratie participative \u00e9tait pr\u00e9sid\u00e9e par Isabelle Hannequart, fondatrice du mus\u00e9e Sarah Caryth \u00e0 Saint-Lactencin. Le parcours vise \u00e0 rendre coh\u00e9rente et plus visible l\u2019offre touristique \u00e0 l\u2019\u00e9chelle du Pays en reliant les &hellip;<\/p>\n<p class=\"read-more\"> <a class=\"\" href=\"https:\/\/parcoursdesdames.fr\/index.php\/a-propos\/\"> <span class=\"screen-reader-text\">\u00c0 Propos<\/span> Lire la suite\u00a0\u00bb<\/a><\/p>\n","protected":false},"author":1,"featured_media":0,"parent":0,"menu_order":0,"comment_status":"closed","ping_status":"closed","template":"","meta":{"site-sidebar-layout":"default","site-content-layout":"default","ast-global-header-display":"","ast-banner-title-visibility":"","ast-main-header-display":"","ast-hfb-above-header-display":"","ast-hfb-below-header-display":"","ast-hfb-mobile-header-display":"","site-post-title":"","ast-breadcrumbs-content":"","ast-featured-img":"","footer-sml-layout":"","theme-transparent-header-meta":"","adv-header-id-meta":"","stick-header-meta":"","header-above-stick-meta":"","header-main-stick-meta":"","header-below-stick-meta":"","footnotes":""},"class_list":["post-76","page","type-page","status-publish","hentry"],"_links":{"self":[{"href":"https:\/\/parcoursdesdames.fr\/index.php\/wp-json\/wp\/v2\/pages\/76","targetHints":{"allow":["GET"]}}],"collection":[{"href":"https:\/\/parcoursdesdames.fr\/index.php\/wp-json\/wp\/v2\/pages"}],"about":[{"href":"https:\/\/parcoursdesdames.fr\/index.php\/wp-json\/wp\/v2\/types\/page"}],"author":[{"embeddable":true,"href":"https:\/\/parcoursdesdames.fr\/index.php\/wp-json\/wp\/v2\/users\/1"}],"replies":[{"embeddable":true,"href":"https:\/\/parcoursdesdames.fr\/index.php\/wp-json\/wp\/v2\/comments?post=76"}],"version-history":[{"count":2,"href":"https:\/\/parcoursdesdames.fr\/index.php\/wp-json\/wp\/v2\/pages\/76\/revisions"}],"predecessor-version":[{"id":693,"href":"https:\/\/parcoursdesdames.fr\/index.php\/wp-json\/wp\/v2\/pages\/76\/revisions\/693"}],"wp:attachment":[{"href":"https:\/\/parcoursdesdames.fr\/index.php\/wp-json\/wp\/v2\/media?parent=76"}],"curies":[{"name":"wp","href":"https:\/\/api.w.org\/{rel}","templated":true}]}}