{"id":73,"date":"2023-01-18T16:41:49","date_gmt":"2023-01-18T16:41:49","guid":{"rendered":"https:\/\/parcoursdesdames.wordpress.com\/?page_id=73"},"modified":"2024-07-20T14:47:34","modified_gmt":"2024-07-20T14:47:34","slug":"les-pepites","status":"publish","type":"page","link":"https:\/\/parcoursdesdames.fr\/index.php\/les-pepites\/","title":{"rendered":"Les P\u00e9pites"},"content":{"rendered":"\n<p>Sur le parcours, d&rsquo;autres p\u00e9pites vous attendent : \u00e9glises, croix ch\u00e2teaux, lavoirs, tumulus, maisons ou tombes de personnages illustres, ch\u00e2taigniers et ch\u00eanes&#8230;<\/p>\n\n\n\n<h3 class=\"wp-block-heading\"><strong>De Buzan\u00e7ais \u00e0 Fouillereau<\/strong><\/h3>\n\n\n\n<p><strong><a href=\"https:\/\/parcoursdesdames.fr\/index.php\/2023\/02\/08\/leglise-de-buzancais\/\" data-type=\"post\" data-id=\"109\">L\u2019\u00e9glise de Buzan\u00e7ais<\/a><\/strong><\/p>\n\n\n\n<p><strong><a href=\"https:\/\/parcoursdesdames.fr\/index.php\/2023\/02\/08\/le-chateau-de-la-brosse\/\" data-type=\"post\" data-id=\"113\" target=\"_blank\" rel=\"noreferrer noopener\">Le ch\u00e2teau de la Brosse<\/a><\/strong><\/p>\n\n\n\n<p><strong><a href=\"https:\/\/parcoursdesdames.fr\/index.php\/2023\/02\/08\/leglise-de-saint-lactencin\/\" data-type=\"post\" data-id=\"116\" target=\"_blank\" rel=\"noreferrer noopener\">L\u2019\u00e9glise de Saint-Lactencin<\/a><\/strong><\/p>\n\n\n\n<p><strong><a href=\"https:\/\/parcoursdesdames.fr\/index.php\/2023\/02\/08\/le-pavillon-des-dames\/\" data-type=\"post\" data-id=\"119\" target=\"_blank\" rel=\"noreferrer noopener\">Le \u00ab&nbsp;pavillon des dames&nbsp;\u00bb<\/a><\/strong><\/p>\n\n\n\n<p><strong><a href=\"https:\/\/parcoursdesdames.fr\/index.php\/2023\/02\/08\/chateaufort\/\" data-type=\"post\" data-id=\"121\" target=\"_blank\" rel=\"noreferrer noopener\">Ch\u00e2teaufort<\/a><\/strong><\/p>\n\n\n\n<p><strong><a href=\"https:\/\/parcoursdesdames.fr\/index.php\/2023\/02\/08\/la-traversee-du-bois\/\" data-type=\"post\" data-id=\"125\" target=\"_blank\" rel=\"noreferrer noopener\">La travers\u00e9e du bois<\/a><\/strong><\/p>\n\n\n\n<h3 class=\"wp-block-heading\"><strong>De Fouillereau \u00e0 Soug\u00e9<\/strong><\/h3>\n\n\n\n<p><strong>La chapelle de Fouillereau<\/strong><\/p>\n\n\n\n<p><strong>La maison du sabotier musicien<\/strong><\/p>\n\n\n\n<p><strong>Le ch\u00e2teau de Villours<\/strong><\/p>\n\n\n\n<p><strong>L\u2019\u00e9glise de Ch\u00e9zelles (\u00e0 venir visiter apr\u00e8s le parcours)<\/strong><\/p>\n\n\n\n<h2 class=\"wp-block-heading\"><strong>De Soug\u00e9 \u00e0 Pellevoisin<\/strong><\/h2>\n\n\n\n<p><strong>L\u2019\u00e9glise de Soug\u00e9<\/strong><\/p>\n\n\n\n<h2 class=\"wp-block-heading\"><strong>\u00c0 Pellevoisin<\/strong><\/h2>\n\n\n\n<p><strong>L&rsquo;\u00c9glise de Pellevoisin<\/strong><\/p>\n\n\n\n<p><strong>Le Tumulus<\/strong><\/p>\n\n\n\n<p><strong>Le Sanctuaire<\/strong><\/p>\n\n\n\n<p><strong>Le Grand H\u00f4tel Notre Dame<\/strong><\/p>\n\n\n\n<p><strong>Le cimeti\u00e8re<\/strong><\/p>\n\n\n\n<p><strong>La Gare<\/strong><\/p>\n\n\n\n<h2 class=\"wp-block-heading\"><strong>\u00c0 Argy<\/strong><\/h2>\n\n\n\n<p><strong>Le ch\u00e2teau d\u2019Argy<\/strong><\/p>\n\n\n\n<p><strong>L\u2019\u00e9glise d\u2019Argy<\/strong><\/p>\n\n\n\n<p><strong>Le train \u00e0 Argy<\/strong><\/p>\n\n\n\n<p><strong>La chapelle Saint-Eutrope<\/strong><\/p>\n\n\n\n<p><strong>La croix Saint-Bruno<\/strong><\/p>\n","protected":false},"excerpt":{"rendered":"<p>Sur le parcours, d&rsquo;autres p\u00e9pites vous attendent : \u00e9glises, croix ch\u00e2teaux, lavoirs, tumulus, maisons ou tombes de personnages illustres, ch\u00e2taigniers et ch\u00eanes&#8230; De Buzan\u00e7ais \u00e0 Fouillereau L\u2019\u00e9glise de Buzan\u00e7ais Le ch\u00e2teau de la Brosse L\u2019\u00e9glise de Saint-Lactencin Le \u00ab&nbsp;pavillon des dames&nbsp;\u00bb Ch\u00e2teaufort La travers\u00e9e du bois De Fouillereau \u00e0 Soug\u00e9 La chapelle de Fouillereau La &hellip;<\/p>\n<p class=\"read-more\"> <a class=\"\" href=\"https:\/\/parcoursdesdames.fr\/index.php\/les-pepites\/\"> <span class=\"screen-reader-text\">Les P\u00e9pites<\/span> Lire la suite\u00a0\u00bb<\/a><\/p>\n","protected":false},"author":1,"featured_media":0,"parent":0,"menu_order":0,"comment_status":"closed","ping_status":"closed","template":"","meta":{"site-sidebar-layout":"default","site-content-layout":"default","ast-global-header-display":"","ast-banner-title-visibility":"","ast-main-header-display":"","ast-hfb-above-header-display":"","ast-hfb-below-header-display":"","ast-hfb-mobile-header-display":"","site-post-title":"","ast-breadcrumbs-content":"","ast-featured-img":"","footer-sml-layout":"","theme-transparent-header-meta":"","adv-header-id-meta":"","stick-header-meta":"","header-above-stick-meta":"","header-main-stick-meta":"","header-below-stick-meta":"","footnotes":""},"class_list":["post-73","page","type-page","status-publish","hentry"],"_links":{"self":[{"href":"https:\/\/parcoursdesdames.fr\/index.php\/wp-json\/wp\/v2\/pages\/73","targetHints":{"allow":["GET"]}}],"collection":[{"href":"https:\/\/parcoursdesdames.fr\/index.php\/wp-json\/wp\/v2\/pages"}],"about":[{"href":"https:\/\/parcoursdesdames.fr\/index.php\/wp-json\/wp\/v2\/types\/page"}],"author":[{"embeddable":true,"href":"https:\/\/parcoursdesdames.fr\/index.php\/wp-json\/wp\/v2\/users\/1"}],"replies":[{"embeddable":true,"href":"https:\/\/parcoursdesdames.fr\/index.php\/wp-json\/wp\/v2\/comments?post=73"}],"version-history":[{"count":4,"href":"https:\/\/parcoursdesdames.fr\/index.php\/wp-json\/wp\/v2\/pages\/73\/revisions"}],"predecessor-version":[{"id":636,"href":"https:\/\/parcoursdesdames.fr\/index.php\/wp-json\/wp\/v2\/pages\/73\/revisions\/636"}],"wp:attachment":[{"href":"https:\/\/parcoursdesdames.fr\/index.php\/wp-json\/wp\/v2\/media?parent=73"}],"curies":[{"name":"wp","href":"https:\/\/api.w.org\/{rel}","templated":true}]}}