{"id":532,"date":"2023-03-07T14:27:45","date_gmt":"2023-03-07T14:27:45","guid":{"rendered":"https:\/\/parcoursdesdames.fr\/?page_id=532"},"modified":"2023-05-11T13:22:39","modified_gmt":"2023-05-11T13:22:39","slug":"introduction","status":"publish","type":"page","link":"https:\/\/parcoursdesdames.fr\/index.php\/introduction\/","title":{"rendered":"Campagne : Introduction"},"content":{"rendered":"\n<h2 class=\"wp-block-heading\"><em>Campagne <\/em>de Raymonde Vincent<\/h2>\n\n\n\n<p>Le roman <em>Campagne<\/em>, \u00e9crit en 1937 par Raymonde Vincent, est une ode aux souvenirs et \u00e0 la nostalgie de l\u2019autrice concernant sa vie paysanne dans le Berry. Alors que la guerre s\u2019abat sur le pays, le roman suit l\u2019histoire du foyer de Marie, sa grand\u2019m\u00e8re et son oncle dans une petite ferme du Berry. On y suit notamment le travail paysan et l\u2019acclimatation de Marie au rythme des saisons. C\u2019est surtout l\u2019occasion pour l\u2019autrice de d\u00e9peindre le quotidien rural de cette jeune fille dans cette campagne recul\u00e9e, presque isol\u00e9e, les relations avec la nature et la nature des liens entre les hommes.<\/p>\n\n\n\n<figure class=\"wp-block-image size-full\"><img decoding=\"async\" src=\"https:\/\/parcoursdesdames.fr\/wp-content\/uploads\/2023\/03\/page-titre-reduite-1-rotated.jpg\" alt=\"\" class=\"wp-image-543\"\/><figcaption class=\"wp-element-caption\">Page de titre de l&rsquo;\u00e9dition de 1939<\/figcaption><\/figure>\n\n\n\n<p>Ce roman est l\u2019\u0153uvre la plus marquante de Raymonde Vincent, qui lui vaut le Prix Femina en 1937. Originaire d\u2019Argy, dans l\u2019Indre, elle part \u00e0 Paris o\u00f9 elle rencontre son futur mari et rattrape son retard dans ses \u00e9tudes. Elle finit par retourner dans l\u2019Indre jusqu\u2019\u00e0 la fin de ses jours.<\/p>\n\n\n\n<p>Les extraits choisis de ce roman cherchent \u00e0 montrer son ancrage dans le paysage de l\u2019Indre. Ils montrent l\u2019importance de ce lieu pour l\u2019autrice et s\u2019int\u00e8grent directement au Parcours des Dames, en proposant au lecteur un autre regard sur quelques lieux du parcours.<\/p>\n\n\n\n<h3 class=\"wp-block-heading\">Ressources \u00e0 t\u00e9l\u00e9charger<\/h3>\n\n\n\n<ul class=\"wp-block-list\">\n<li><em>Campagne <\/em>: <a href=\"https:\/\/parcoursdesdames.fr\/wp-content\/uploads\/2023\/03\/campagne_extrait.pdf\" target=\"_blank\" rel=\"noreferrer noopener\">version imprimable<\/a> (PDF)<\/li>\n\n\n\n<li><em>Campagne<\/em> : <a href=\"https:\/\/parcoursdesdames.fr\/wp-content\/uploads\/2023\/03\/campagne_extrait.epub\">version pour tablette <\/a>(EPUB)<\/li>\n\n\n\n<li><em>Campagne<\/em> : <a href=\"https:\/\/parcoursdesdames.fr\/wp-content\/uploads\/2023\/03\/campagne_extrait-1.zip\">version interop\u00e9rable<\/a> (XML-TEI)<\/li>\n<\/ul>\n\n\n\n<p><\/p>\n","protected":false},"excerpt":{"rendered":"<p>Campagne de Raymonde Vincent Le roman Campagne, \u00e9crit en 1937 par Raymonde Vincent, est une ode aux souvenirs et \u00e0 la nostalgie de l\u2019autrice concernant sa vie paysanne dans le Berry. Alors que la guerre s\u2019abat sur le pays, le roman suit l\u2019histoire du foyer de Marie, sa grand\u2019m\u00e8re et son oncle dans une petite &hellip;<\/p>\n<p class=\"read-more\"> <a class=\"\" href=\"https:\/\/parcoursdesdames.fr\/index.php\/introduction\/\"> <span class=\"screen-reader-text\">Campagne : Introduction<\/span> Lire la suite\u00a0\u00bb<\/a><\/p>\n","protected":false},"author":4,"featured_media":0,"parent":0,"menu_order":0,"comment_status":"closed","ping_status":"closed","template":"","meta":{"site-sidebar-layout":"default","site-content-layout":"default","ast-global-header-display":"","ast-banner-title-visibility":"","ast-main-header-display":"","ast-hfb-above-header-display":"","ast-hfb-below-header-display":"","ast-hfb-mobile-header-display":"","site-post-title":"","ast-breadcrumbs-content":"","ast-featured-img":"","footer-sml-layout":"","theme-transparent-header-meta":"","adv-header-id-meta":"","stick-header-meta":"","header-above-stick-meta":"","header-main-stick-meta":"","header-below-stick-meta":"","footnotes":""},"class_list":["post-532","page","type-page","status-publish","hentry"],"_links":{"self":[{"href":"https:\/\/parcoursdesdames.fr\/index.php\/wp-json\/wp\/v2\/pages\/532","targetHints":{"allow":["GET"]}}],"collection":[{"href":"https:\/\/parcoursdesdames.fr\/index.php\/wp-json\/wp\/v2\/pages"}],"about":[{"href":"https:\/\/parcoursdesdames.fr\/index.php\/wp-json\/wp\/v2\/types\/page"}],"author":[{"embeddable":true,"href":"https:\/\/parcoursdesdames.fr\/index.php\/wp-json\/wp\/v2\/users\/4"}],"replies":[{"embeddable":true,"href":"https:\/\/parcoursdesdames.fr\/index.php\/wp-json\/wp\/v2\/comments?post=532"}],"version-history":[{"count":5,"href":"https:\/\/parcoursdesdames.fr\/index.php\/wp-json\/wp\/v2\/pages\/532\/revisions"}],"predecessor-version":[{"id":778,"href":"https:\/\/parcoursdesdames.fr\/index.php\/wp-json\/wp\/v2\/pages\/532\/revisions\/778"}],"wp:attachment":[{"href":"https:\/\/parcoursdesdames.fr\/index.php\/wp-json\/wp\/v2\/media?parent=532"}],"curies":[{"name":"wp","href":"https:\/\/api.w.org\/{rel}","templated":true}]}}