{"id":464,"date":"2023-03-07T13:32:11","date_gmt":"2023-03-07T13:32:11","guid":{"rendered":"https:\/\/parcoursdesdames.fr\/?page_id=464"},"modified":"2023-06-09T09:16:30","modified_gmt":"2023-06-09T09:16:30","slug":"le-parcours","status":"publish","type":"page","link":"https:\/\/parcoursdesdames.fr\/index.php\/le-parcours\/","title":{"rendered":"Le Parcours"},"content":{"rendered":"\n<p>Partez \u00e0 la d\u00e9couverte des dames en marchant dans la campagne du Berry <\/p>\n\n\n\n<p>T\u00e9l\u00e9chargez le guide du parcours <a href=\"https:\/\/parcoursdesdames.fr\/wp-content\/uploads\/2023\/06\/pas_a_pas_parcours_des_dames.pdf\" target=\"_blank\" rel=\"noreferrer noopener\">ici<\/a>.<\/p>\n\n\n\n<div id=\"map\"><\/div>\n","protected":false},"excerpt":{"rendered":"<p>Partez \u00e0 la d\u00e9couverte des dames en marchant dans la campagne du Berry T\u00e9l\u00e9chargez le guide du parcours ici.<\/p>\n","protected":false},"author":3,"featured_media":0,"parent":0,"menu_order":0,"comment_status":"closed","ping_status":"closed","template":"","meta":{"site-sidebar-layout":"default","site-content-layout":"default","ast-global-header-display":"","ast-banner-title-visibility":"","ast-main-header-display":"","ast-hfb-above-header-display":"","ast-hfb-below-header-display":"","ast-hfb-mobile-header-display":"","site-post-title":"","ast-breadcrumbs-content":"","ast-featured-img":"","footer-sml-layout":"","theme-transparent-header-meta":"","adv-header-id-meta":"","stick-header-meta":"","header-above-stick-meta":"","header-main-stick-meta":"","header-below-stick-meta":"","footnotes":""},"class_list":["post-464","page","type-page","status-publish","hentry"],"_links":{"self":[{"href":"https:\/\/parcoursdesdames.fr\/index.php\/wp-json\/wp\/v2\/pages\/464","targetHints":{"allow":["GET"]}}],"collection":[{"href":"https:\/\/parcoursdesdames.fr\/index.php\/wp-json\/wp\/v2\/pages"}],"about":[{"href":"https:\/\/parcoursdesdames.fr\/index.php\/wp-json\/wp\/v2\/types\/page"}],"author":[{"embeddable":true,"href":"https:\/\/parcoursdesdames.fr\/index.php\/wp-json\/wp\/v2\/users\/3"}],"replies":[{"embeddable":true,"href":"https:\/\/parcoursdesdames.fr\/index.php\/wp-json\/wp\/v2\/comments?post=464"}],"version-history":[{"count":13,"href":"https:\/\/parcoursdesdames.fr\/index.php\/wp-json\/wp\/v2\/pages\/464\/revisions"}],"predecessor-version":[{"id":986,"href":"https:\/\/parcoursdesdames.fr\/index.php\/wp-json\/wp\/v2\/pages\/464\/revisions\/986"}],"wp:attachment":[{"href":"https:\/\/parcoursdesdames.fr\/index.php\/wp-json\/wp\/v2\/media?parent=464"}],"curies":[{"name":"wp","href":"https:\/\/api.w.org\/{rel}","templated":true}]}}