{"id":1154,"date":"2024-07-30T16:26:11","date_gmt":"2024-07-30T16:26:11","guid":{"rendered":"https:\/\/parcoursdesdames.fr\/?page_id=1154"},"modified":"2024-08-07T10:10:27","modified_gmt":"2024-08-07T10:10:27","slug":"hommage-a-betty-jacquey","status":"publish","type":"page","link":"https:\/\/parcoursdesdames.fr\/index.php\/hommage-a-betty-jacquey\/","title":{"rendered":"Hommage \u00e0 Betty Jacquey"},"content":{"rendered":"\n<h2 class=\"wp-block-heading\"><\/h2>\n\n\n\n<div class=\"wp-block-columns is-layout-flex wp-container-core-columns-is-layout-28f84493 wp-block-columns-is-layout-flex\">\n<div class=\"wp-block-column is-layout-flow wp-block-column-is-layout-flow\" style=\"flex-basis:100%\">\n<div class=\"wp-block-columns is-layout-flex wp-container-core-columns-is-layout-28f84493 wp-block-columns-is-layout-flex\">\n<div class=\"wp-block-column is-layout-flow wp-block-column-is-layout-flow\"><\/div>\n\n\n\n<div class=\"wp-block-column is-layout-flow wp-block-column-is-layout-flow\"><\/div>\n<\/div>\n\n\n\n<div class=\"wp-block-columns is-layout-flex wp-container-core-columns-is-layout-28f84493 wp-block-columns-is-layout-flex\">\n<div class=\"wp-block-column is-vertically-aligned-top is-layout-flow wp-block-column-is-layout-flow\">\n<p class=\"has-medium-font-size\"><strong>L\u2019association \u00ab&nbsp;Parcours des Dames&nbsp;\u00bb propose un parcours, \u00e0 pied ou \u00e0 v\u00e9lo, de 48 km reliant six localit\u00e9s (Buzan\u00e7ais, Saint-Lactencin, Argy, Soug\u00e9, Ch\u00e9zelles et Pellevoisin) qui ont vu na\u00eetre et\/ou vivre des personnalit\u00e9s f\u00e9minines aux destins divers (visionnaire, actrice, chanteuse, musicienne, \u00e9crivaine ou bienfaitrice). A partir de cette ann\u00e9e l\u2019association a d\u00e9cid\u00e9 de proposer des animations au niveau de chaque site en relation avec la personne qui a marqu\u00e9 le site. Cette ann\u00e9e l\u2019animation aura pour th\u00e8me la vie de Betty Jacquey, po\u00e9tesse berrichonne, \u00e0 Soug\u00e9. L\u2019animation qui se d\u00e9roulera le vendredi 23 ao\u00fbt avec une marche de 7 km \u00e0 travers la Champagne berrichonne partira de la mairie de Soug\u00e9 \u00e0 17h00. En diff\u00e9rents points de ce parcours, des po\u00e8mes (en patois) de Betty Jacquey seront lus. Le parcours se terminera \u00e0 la mairie de Soug\u00e9 o\u00f9 une exposition de documents relatifs \u00e0 l\u2019autrice sera pr\u00e9sent\u00e9e ainsi qu\u2019une fromag\u00e9e r\u00e9paratrice.<\/strong><\/p>\n<\/div>\n\n\n\n<div class=\"wp-block-column is-layout-flow wp-block-column-is-layout-flow\">\n<figure class=\"wp-block-image size-large\"><img loading=\"lazy\" decoding=\"async\" width=\"724\" height=\"1023\" src=\"https:\/\/parcoursdesdames.fr\/wp-content\/uploads\/2024\/08\/Flyer-rando-Souge-Format-A4_page-0001-1-724x1023.jpg\" alt=\"\" class=\"wp-image-1192\" srcset=\"https:\/\/parcoursdesdames.fr\/wp-content\/uploads\/2024\/08\/Flyer-rando-Souge-Format-A4_page-0001-1-724x1023.jpg 724w, https:\/\/parcoursdesdames.fr\/wp-content\/uploads\/2024\/08\/Flyer-rando-Souge-Format-A4_page-0001-1-212x299.jpg 212w, https:\/\/parcoursdesdames.fr\/wp-content\/uploads\/2024\/08\/Flyer-rando-Souge-Format-A4_page-0001-1-768x1085.jpg 768w, https:\/\/parcoursdesdames.fr\/wp-content\/uploads\/2024\/08\/Flyer-rando-Souge-Format-A4_page-0001-1-1087x1536.jpg 1087w, https:\/\/parcoursdesdames.fr\/wp-content\/uploads\/2024\/08\/Flyer-rando-Souge-Format-A4_page-0001-1.jpg 1241w\" sizes=\"auto, (max-width: 724px) 100vw, 724px\" \/><\/figure>\n<\/div>\n<\/div>\n<\/div>\n<\/div>\n","protected":false},"excerpt":{"rendered":"<p>L\u2019association \u00ab&nbsp;Parcours des Dames&nbsp;\u00bb propose un parcours, \u00e0 pied ou \u00e0 v\u00e9lo, de 48 km reliant six localit\u00e9s (Buzan\u00e7ais, Saint-Lactencin, Argy, Soug\u00e9, Ch\u00e9zelles et Pellevoisin) qui ont vu na\u00eetre et\/ou vivre des personnalit\u00e9s f\u00e9minines aux destins divers (visionnaire, actrice, chanteuse, musicienne, \u00e9crivaine ou bienfaitrice). A partir de cette ann\u00e9e l\u2019association a d\u00e9cid\u00e9 de proposer des &hellip;<\/p>\n<p class=\"read-more\"> <a class=\"\" href=\"https:\/\/parcoursdesdames.fr\/index.php\/hommage-a-betty-jacquey\/\"> <span class=\"screen-reader-text\">Hommage \u00e0 Betty Jacquey<\/span> Lire la suite\u00a0\u00bb<\/a><\/p>\n","protected":false},"author":1,"featured_media":0,"parent":0,"menu_order":0,"comment_status":"closed","ping_status":"closed","template":"","meta":{"site-sidebar-layout":"default","site-content-layout":"default","ast-global-header-display":"","ast-banner-title-visibility":"","ast-main-header-display":"","ast-hfb-above-header-display":"","ast-hfb-below-header-display":"","ast-hfb-mobile-header-display":"","site-post-title":"","ast-breadcrumbs-content":"","ast-featured-img":"","footer-sml-layout":"","theme-transparent-header-meta":"","adv-header-id-meta":"","stick-header-meta":"","header-above-stick-meta":"","header-main-stick-meta":"","header-below-stick-meta":"","footnotes":""},"class_list":["post-1154","page","type-page","status-publish","hentry"],"_links":{"self":[{"href":"https:\/\/parcoursdesdames.fr\/index.php\/wp-json\/wp\/v2\/pages\/1154","targetHints":{"allow":["GET"]}}],"collection":[{"href":"https:\/\/parcoursdesdames.fr\/index.php\/wp-json\/wp\/v2\/pages"}],"about":[{"href":"https:\/\/parcoursdesdames.fr\/index.php\/wp-json\/wp\/v2\/types\/page"}],"author":[{"embeddable":true,"href":"https:\/\/parcoursdesdames.fr\/index.php\/wp-json\/wp\/v2\/users\/1"}],"replies":[{"embeddable":true,"href":"https:\/\/parcoursdesdames.fr\/index.php\/wp-json\/wp\/v2\/comments?post=1154"}],"version-history":[{"count":3,"href":"https:\/\/parcoursdesdames.fr\/index.php\/wp-json\/wp\/v2\/pages\/1154\/revisions"}],"predecessor-version":[{"id":1193,"href":"https:\/\/parcoursdesdames.fr\/index.php\/wp-json\/wp\/v2\/pages\/1154\/revisions\/1193"}],"wp:attachment":[{"href":"https:\/\/parcoursdesdames.fr\/index.php\/wp-json\/wp\/v2\/media?parent=1154"}],"curies":[{"name":"wp","href":"https:\/\/api.w.org\/{rel}","templated":true}]}}